{"id":78,"date":"2023-10-07T09:39:53","date_gmt":"2023-10-07T07:39:53","guid":{"rendered":"https:\/\/imprentacalero.com\/?post_type=product&#038;p=78"},"modified":"2024-07-17T19:33:47","modified_gmt":"2024-07-17T17:33:47","slug":"magneticos-o-imanes-troquelados-con-formas","status":"publish","type":"product","link":"https:\/\/imprentacalero.com\/index.php\/producto\/magneticos-o-imanes-troquelados-con-formas\/","title":{"rendered":"Magn\u00e9ticos o imanes troquelados con formas"},"content":{"rendered":"<p>La personalizaci\u00f3n es clave para destacar y captar la atenci\u00f3n de tu p\u00fablico objetivo. Los Magn\u00e9ticos o imanes troquelados con formas a\u00f1aden un toque de originalidad y creatividad a tus estrategias de marketing. Adem\u00e1s, al colocarlos en el refrigerador, un lugar de alto tr\u00e1fico en la mayor\u00eda de los hogares, garantizas que tu mensaje sea visto diariamente.<\/p>\n","protected":false},"excerpt":{"rendered":"<p>La personalizaci\u00f3n es clave para destacar y captar la atenci\u00f3n de tu p\u00fablico objetivo. Los Magn\u00e9ticos o imanes troquelados con formas a\u00f1aden un toque de originalidad y creatividad a tus estrategias de marketing. Adem\u00e1s, al colocarlos en el refrigerador, un lugar de alto tr\u00e1fico en la mayor\u00eda de los hogares, garantizas que tu mensaje sea [&hellip;]<\/p>\n","protected":false},"featured_media":79,"comment_status":"open","ping_status":"closed","template":"","meta":[],"product_cat":[73,66],"product_tag":[],"class_list":{"0":"post-78","1":"product","2":"type-product","3":"status-publish","4":"has-post-thumbnail","6":"product_cat-merchandising","7":"product_cat-productos","9":"first","10":"instock","11":"shipping-taxable","12":"purchasable","13":"product-type-simple"},"_links":{"self":[{"href":"https:\/\/imprentacalero.com\/index.php\/wp-json\/wp\/v2\/product\/78"}],"collection":[{"href":"https:\/\/imprentacalero.com\/index.php\/wp-json\/wp\/v2\/product"}],"about":[{"href":"https:\/\/imprentacalero.com\/index.php\/wp-json\/wp\/v2\/types\/product"}],"replies":[{"embeddable":true,"href":"https:\/\/imprentacalero.com\/index.php\/wp-json\/wp\/v2\/comments?post=78"}],"wp:featuredmedia":[{"embeddable":true,"href":"https:\/\/imprentacalero.com\/index.php\/wp-json\/wp\/v2\/media\/79"}],"wp:attachment":[{"href":"https:\/\/imprentacalero.com\/index.php\/wp-json\/wp\/v2\/media?parent=78"}],"wp:term":[{"taxonomy":"product_cat","embeddable":true,"href":"https:\/\/imprentacalero.com\/index.php\/wp-json\/wp\/v2\/product_cat?post=78"},{"taxonomy":"product_tag","embeddable":true,"href":"https:\/\/imprentacalero.com\/index.php\/wp-json\/wp\/v2\/product_tag?post=78"}],"curies":[{"name":"wp","href":"https:\/\/api.w.org\/{rel}","templated":true}]}}