{"id":524,"date":"2023-10-21T19:41:35","date_gmt":"2023-10-21T17:41:35","guid":{"rendered":"https:\/\/imprentacalero.com\/?post_type=product&#038;p=524"},"modified":"2024-07-18T07:17:54","modified_gmt":"2024-07-18T05:17:54","slug":"gigantografias","status":"publish","type":"product","link":"https:\/\/imprentacalero.com\/index.php\/producto\/gigantografias\/","title":{"rendered":"Gigantograf\u00edas"},"content":{"rendered":"<p>Brindamos el servicio de impresi\u00f3n de gigantograf\u00edas en vinil y banner en alta resoluci\u00f3n 1440 dpi, impresos con tintas eco-solventes para exterior e interior, otorg\u00e1ndole mayor nitidez, calidad de impresi\u00f3n y el mejor precio del mercado por metro cuadrado.<\/p>\n<p>Precio por 1 x 2 metros .<\/p>\n","protected":false},"excerpt":{"rendered":"<p>Brindamos el servicio de impresi\u00f3n de gigantograf\u00edas en vinil y banner en alta resoluci\u00f3n 1440 dpi, impresos con tintas eco-solventes para exterior e interior, otorg\u00e1ndole mayor nitidez, calidad de impresi\u00f3n y el mejor precio del mercado por metro cuadrado. Precio por 1 x 2 metros .<\/p>\n","protected":false},"featured_media":525,"comment_status":"open","ping_status":"closed","template":"","meta":[],"product_cat":[70,66],"product_tag":[],"class_list":{"0":"post-524","1":"product","2":"type-product","3":"status-publish","4":"has-post-thumbnail","6":"product_cat-gigantografias","7":"product_cat-productos","9":"first","10":"instock","11":"shipping-taxable","12":"purchasable","13":"product-type-simple"},"_links":{"self":[{"href":"https:\/\/imprentacalero.com\/index.php\/wp-json\/wp\/v2\/product\/524"}],"collection":[{"href":"https:\/\/imprentacalero.com\/index.php\/wp-json\/wp\/v2\/product"}],"about":[{"href":"https:\/\/imprentacalero.com\/index.php\/wp-json\/wp\/v2\/types\/product"}],"replies":[{"embeddable":true,"href":"https:\/\/imprentacalero.com\/index.php\/wp-json\/wp\/v2\/comments?post=524"}],"wp:featuredmedia":[{"embeddable":true,"href":"https:\/\/imprentacalero.com\/index.php\/wp-json\/wp\/v2\/media\/525"}],"wp:attachment":[{"href":"https:\/\/imprentacalero.com\/index.php\/wp-json\/wp\/v2\/media?parent=524"}],"wp:term":[{"taxonomy":"product_cat","embeddable":true,"href":"https:\/\/imprentacalero.com\/index.php\/wp-json\/wp\/v2\/product_cat?post=524"},{"taxonomy":"product_tag","embeddable":true,"href":"https:\/\/imprentacalero.com\/index.php\/wp-json\/wp\/v2\/product_tag?post=524"}],"curies":[{"name":"wp","href":"https:\/\/api.w.org\/{rel}","templated":true}]}}