{"id":216,"date":"2023-10-09T19:23:47","date_gmt":"2023-10-09T17:23:47","guid":{"rendered":"https:\/\/imprentacalero.com\/?post_type=product&#038;p=216"},"modified":"2024-07-17T19:56:55","modified_gmt":"2024-07-17T17:56:55","slug":"guia-de-remision","status":"publish","type":"product","link":"https:\/\/imprentacalero.com\/index.php\/producto\/guia-de-remision\/","title":{"rendered":"Gu\u00eda de remisi\u00f3n"},"content":{"rendered":"<p>Imprenta Autorizada por Sunat para Comprobantes de Pago. Es el documento que emite el Remitente para sustentar el traslado de bienes con motivo de su compra o venta y la prestaci\u00f3n de servicios que involucran o no la transformaci\u00f3n de bienes, cesi\u00f3n en uso, Consignaciones y remisiones entre establecimientos de una misma empresa y otros.<\/p>\n<p>Formato Plano &amp; Formato Continuo<br \/>\nPapel Autocopiativo<br \/>\nTodos los formatos (Medidas)<br \/>\nOriginal + 1 copia (Hasta 6 copias)<br \/>\nImpresi\u00f3n 1 color (Hasta full color)<br \/>\n&#8211; Papel autocopiativo<br \/>\n&#8211; Numerado<\/p>\n","protected":false},"excerpt":{"rendered":"<p>Imprenta Autorizada por Sunat para Comprobantes de Pago. Es el documento que emite el Remitente para sustentar el traslado de bienes con motivo de su compra o venta y la prestaci\u00f3n de servicios que involucran o no la transformaci\u00f3n de bienes, cesi\u00f3n en uso, Consignaciones y remisiones entre establecimientos de una misma empresa y otros. [&hellip;]<\/p>\n","protected":false},"featured_media":217,"comment_status":"open","ping_status":"closed","template":"","meta":[],"product_cat":[66,67],"product_tag":[],"class_list":{"0":"post-216","1":"product","2":"type-product","3":"status-publish","4":"has-post-thumbnail","6":"product_cat-productos","7":"product_cat-servicio-de-imprenta","9":"first","10":"instock","11":"shipping-taxable","12":"purchasable","13":"product-type-simple"},"_links":{"self":[{"href":"https:\/\/imprentacalero.com\/index.php\/wp-json\/wp\/v2\/product\/216"}],"collection":[{"href":"https:\/\/imprentacalero.com\/index.php\/wp-json\/wp\/v2\/product"}],"about":[{"href":"https:\/\/imprentacalero.com\/index.php\/wp-json\/wp\/v2\/types\/product"}],"replies":[{"embeddable":true,"href":"https:\/\/imprentacalero.com\/index.php\/wp-json\/wp\/v2\/comments?post=216"}],"wp:featuredmedia":[{"embeddable":true,"href":"https:\/\/imprentacalero.com\/index.php\/wp-json\/wp\/v2\/media\/217"}],"wp:attachment":[{"href":"https:\/\/imprentacalero.com\/index.php\/wp-json\/wp\/v2\/media?parent=216"}],"wp:term":[{"taxonomy":"product_cat","embeddable":true,"href":"https:\/\/imprentacalero.com\/index.php\/wp-json\/wp\/v2\/product_cat?post=216"},{"taxonomy":"product_tag","embeddable":true,"href":"https:\/\/imprentacalero.com\/index.php\/wp-json\/wp\/v2\/product_tag?post=216"}],"curies":[{"name":"wp","href":"https:\/\/api.w.org\/{rel}","templated":true}]}}