{"id":211,"date":"2023-10-09T19:04:40","date_gmt":"2023-10-09T17:04:40","guid":{"rendered":"https:\/\/imprentacalero.com\/?post_type=product&#038;p=211"},"modified":"2024-07-17T19:56:55","modified_gmt":"2024-07-17T17:56:55","slug":"notas-de-pedidos","status":"publish","type":"product","link":"https:\/\/imprentacalero.com\/index.php\/producto\/notas-de-pedidos\/","title":{"rendered":"Notas de pedidos"},"content":{"rendered":"<p>Un dispositivo indispensable para la gesti\u00f3n de pedidos de l\u00ednea limpia. Una soluci\u00f3n econ\u00f3mica de alta calidad para la impresi\u00f3n y organizaci\u00f3n de documentos comerciales. Ideal para comercios de todos los tama\u00f1os.<\/p>\n<p>Realizamos impresi\u00f3n de nota de venta para empresas, formatos<br \/>\n&#8211; Block de 100 hojas, perforado para desglose r\u00e1pido<br \/>\n&#8211; Impresi\u00f3n en papel papel autocopiativo<br \/>\n&#8211; Tama\u00f1o A6, A5, A4<\/p>\n","protected":false},"excerpt":{"rendered":"<p>Un dispositivo indispensable para la gesti\u00f3n de pedidos de l\u00ednea limpia. Una soluci\u00f3n econ\u00f3mica de alta calidad para la impresi\u00f3n y organizaci\u00f3n de documentos comerciales. Ideal para comercios de todos los tama\u00f1os. Realizamos impresi\u00f3n de nota de venta para empresas, formatos &#8211; Block de 100 hojas, perforado para desglose r\u00e1pido &#8211; Impresi\u00f3n en papel papel [&hellip;]<\/p>\n","protected":false},"featured_media":212,"comment_status":"open","ping_status":"closed","template":"","meta":[],"product_cat":[66,67],"product_tag":[],"class_list":{"0":"post-211","1":"product","2":"type-product","3":"status-publish","4":"has-post-thumbnail","6":"product_cat-productos","7":"product_cat-servicio-de-imprenta","9":"first","10":"instock","11":"shipping-taxable","12":"purchasable","13":"product-type-simple"},"_links":{"self":[{"href":"https:\/\/imprentacalero.com\/index.php\/wp-json\/wp\/v2\/product\/211"}],"collection":[{"href":"https:\/\/imprentacalero.com\/index.php\/wp-json\/wp\/v2\/product"}],"about":[{"href":"https:\/\/imprentacalero.com\/index.php\/wp-json\/wp\/v2\/types\/product"}],"replies":[{"embeddable":true,"href":"https:\/\/imprentacalero.com\/index.php\/wp-json\/wp\/v2\/comments?post=211"}],"wp:featuredmedia":[{"embeddable":true,"href":"https:\/\/imprentacalero.com\/index.php\/wp-json\/wp\/v2\/media\/212"}],"wp:attachment":[{"href":"https:\/\/imprentacalero.com\/index.php\/wp-json\/wp\/v2\/media?parent=211"}],"wp:term":[{"taxonomy":"product_cat","embeddable":true,"href":"https:\/\/imprentacalero.com\/index.php\/wp-json\/wp\/v2\/product_cat?post=211"},{"taxonomy":"product_tag","embeddable":true,"href":"https:\/\/imprentacalero.com\/index.php\/wp-json\/wp\/v2\/product_tag?post=211"}],"curies":[{"name":"wp","href":"https:\/\/api.w.org\/{rel}","templated":true}]}}