{"id":71,"date":"2023-10-07T09:23:09","date_gmt":"2023-10-07T07:23:09","guid":{"rendered":"https:\/\/imprentacalero.com\/?page_id=71"},"modified":"2024-07-17T16:44:45","modified_gmt":"2024-07-17T14:44:45","slug":"quienes-somos","status":"publish","type":"page","link":"https:\/\/imprentacalero.com\/index.php\/quienes-somos\/","title":{"rendered":"Quienes Somos"},"content":{"rendered":"\t\t<div data-elementor-type=\"wp-page\" data-elementor-id=\"71\" class=\"elementor elementor-71\" data-elementor-post-type=\"page\">\n\t\t\t\t<div class=\"elementor-element elementor-element-1c76246 e-flex e-con-boxed e-con e-parent\" data-id=\"1c76246\" data-element_type=\"container\">\n\t\t\t\t\t<div class=\"e-con-inner\">\n\t\t\t\t<div class=\"elementor-element elementor-element-cae1b69 elementor-widget elementor-widget-text-editor\" data-id=\"cae1b69\" data-element_type=\"widget\" data-widget_type=\"text-editor.default\">\n\t\t\t\t<div class=\"elementor-widget-container\">\n\t\t\t\t\t\t\t<p>Somos Imprenta Calero, imprenta con muchos a\u00f1os ofreciendo servicio de calidad en impresi\u00f3n publicitaria.<\/p><p>Brindamos servicios de impresi\u00f3n y digitalizaci\u00f3n de alta calidad, dise\u00f1os profesionales y puntualidad en los tiempos de entrega.<\/p><p>Nuestra experiencia en el sector de impresi\u00f3n nos permite brindar soluciones personalizadas y eficientes para empresas medianas y grandes en Per\u00fa.<\/p><p>Nuestro compromiso con la impresi\u00f3n empresarial en Per\u00fa garantiza resultados excepcionales que destacan en el mercado.<\/p><p>Descubre c\u00f3mo nuestros servicios de impresi\u00f3n de alta demanda pueden transformar tu negocio.<\/p>\t\t\t\t\t\t<\/div>\n\t\t\t\t<\/div>\n\t\t\t\t<div class=\"elementor-element elementor-element-1477d6a elementor-widget elementor-widget-button\" data-id=\"1477d6a\" data-element_type=\"widget\" data-widget_type=\"button.default\">\n\t\t\t\t<div class=\"elementor-widget-container\">\n\t\t\t\t\t\t\t<div class=\"elementor-button-wrapper\">\n\t\t\t\t\t<a class=\"elementor-button elementor-button-link elementor-size-sm\" href=\"https:\/\/imprentacalero.com\/index.php\/contacto\/\">\n\t\t\t\t\t\t<span class=\"elementor-button-content-wrapper\">\n\t\t\t\t\t\t<span class=\"elementor-button-icon\">\n\t\t\t\t<i aria-hidden=\"true\" class=\"far fa-thumbs-up\"><\/i>\t\t\t<\/span>\n\t\t\t\t\t\t\t\t\t<span class=\"elementor-button-text\">Cont\u00e1ctanos<\/span>\n\t\t\t\t\t<\/span>\n\t\t\t\t\t<\/a>\n\t\t\t\t<\/div>\n\t\t\t\t\t\t<\/div>\n\t\t\t\t<\/div>\n\t\t\t\t\t<\/div>\n\t\t\t\t<\/div>\n\t\t\t\t<\/div>\n\t\t","protected":false},"excerpt":{"rendered":"<p>Somos Imprenta Calero, imprenta con muchos a\u00f1os ofreciendo servicio de calidad en impresi\u00f3n publicitaria. Brindamos servicios de impresi\u00f3n y digitalizaci\u00f3n de alta calidad, dise\u00f1os profesionales y puntualidad en los tiempos de entrega. Nuestra experiencia en el sector de impresi\u00f3n nos permite brindar soluciones personalizadas y eficientes para empresas medianas y grandes en Per\u00fa. Nuestro compromiso [&hellip;]<\/p>\n","protected":false},"author":1,"featured_media":0,"parent":0,"menu_order":0,"comment_status":"closed","ping_status":"closed","template":"","meta":{"footnotes":""},"class_list":["post-71","page","type-page","status-publish","hentry"],"_links":{"self":[{"href":"https:\/\/imprentacalero.com\/index.php\/wp-json\/wp\/v2\/pages\/71"}],"collection":[{"href":"https:\/\/imprentacalero.com\/index.php\/wp-json\/wp\/v2\/pages"}],"about":[{"href":"https:\/\/imprentacalero.com\/index.php\/wp-json\/wp\/v2\/types\/page"}],"author":[{"embeddable":true,"href":"https:\/\/imprentacalero.com\/index.php\/wp-json\/wp\/v2\/users\/1"}],"replies":[{"embeddable":true,"href":"https:\/\/imprentacalero.com\/index.php\/wp-json\/wp\/v2\/comments?post=71"}],"version-history":[{"count":4,"href":"https:\/\/imprentacalero.com\/index.php\/wp-json\/wp\/v2\/pages\/71\/revisions"}],"predecessor-version":[{"id":657,"href":"https:\/\/imprentacalero.com\/index.php\/wp-json\/wp\/v2\/pages\/71\/revisions\/657"}],"wp:attachment":[{"href":"https:\/\/imprentacalero.com\/index.php\/wp-json\/wp\/v2\/media?parent=71"}],"curies":[{"name":"wp","href":"https:\/\/api.w.org\/{rel}","templated":true}]}}