{"id":69,"date":"2023-10-07T09:22:09","date_gmt":"2023-10-07T07:22:09","guid":{"rendered":"https:\/\/imprentacalero.com\/?page_id=69"},"modified":"2024-07-17T16:19:52","modified_gmt":"2024-07-17T14:19:52","slug":"servicios","status":"publish","type":"page","link":"https:\/\/imprentacalero.com\/index.php\/servicios\/","title":{"rendered":"Servicios"},"content":{"rendered":"\t\t<div data-elementor-type=\"wp-page\" data-elementor-id=\"69\" class=\"elementor elementor-69\" data-elementor-post-type=\"page\">\n\t\t\t\t<div class=\"elementor-element elementor-element-2d817f9 e-flex e-con-boxed e-con e-parent\" data-id=\"2d817f9\" data-element_type=\"container\">\n\t\t\t\t\t<div class=\"e-con-inner\">\n\t\t\t\t<div class=\"elementor-element elementor-element-24a2f45 elementor-widget elementor-widget-text-editor\" data-id=\"24a2f45\" data-element_type=\"widget\" data-widget_type=\"text-editor.default\">\n\t\t\t\t<div class=\"elementor-widget-container\">\n\t\t\t\t\t\t\t<p>Servicios de impresi\u00f3n profesional, especial para empresas.<\/p><ul><li>Tarjetas personales Couche Mate, Hot stamping &#8211; Pan de oro. Sectorizadas<\/li><li>Gigantograf\u00edas en vinil adhesivo, laminado y troquelado, pavonado con instalaci\u00f3n, vinil blanco y transparente, para pared, cart\u00f3n, vidrio o metal<\/li><li>Impresi\u00f3n de etiquetas y stickers adhesivos, stickers en vinil adhesivo, etiquetas para productos, impresi\u00f3n de stickers adhesivos para\u00a0seguridad industrial<\/li><li>banner Roll Screen mas impresi\u00f3n<\/li><li>Merchandising para empresas, llaveros, tomatodo, termos, tazas, lapiceros, pelotas antiestr\u00e9s, agendas, cuadernos\u00a0<br \/>impresi\u00f3n agendas tapa dura, impresi\u00f3n cuadernos espirales personalizados<\/li><li>Restaurantes<br \/>impresi\u00f3n para restaurantes como posa vasos, individuales, cartas para men\u00fa, etc.<\/li><li>Servicio de imprenta,<br \/>impresi\u00f3n de folder, etiquetas para ropa,\u00a0<br \/>bolsas notex y tocuyo\u00a0<br \/>empaques y cajas personalizadas, bolsas personalizada, almanaques, etc.<\/li><\/ul>\t\t\t\t\t\t<\/div>\n\t\t\t\t<\/div>\n\t\t\t\t\t<\/div>\n\t\t\t\t<\/div>\n\t\t\t\t<\/div>\n\t\t","protected":false},"excerpt":{"rendered":"<p>Servicios de impresi\u00f3n profesional, especial para empresas. Tarjetas personales Couche Mate, Hot stamping &#8211; Pan de oro. Sectorizadas Gigantograf\u00edas en vinil adhesivo, laminado y troquelado, pavonado con instalaci\u00f3n, vinil blanco y transparente, para pared, cart\u00f3n, vidrio o metal Impresi\u00f3n de etiquetas y stickers adhesivos, stickers en vinil adhesivo, etiquetas para productos, impresi\u00f3n de stickers adhesivos [&hellip;]<\/p>\n","protected":false},"author":1,"featured_media":0,"parent":0,"menu_order":0,"comment_status":"closed","ping_status":"closed","template":"","meta":{"footnotes":""},"class_list":["post-69","page","type-page","status-publish","hentry"],"_links":{"self":[{"href":"https:\/\/imprentacalero.com\/index.php\/wp-json\/wp\/v2\/pages\/69"}],"collection":[{"href":"https:\/\/imprentacalero.com\/index.php\/wp-json\/wp\/v2\/pages"}],"about":[{"href":"https:\/\/imprentacalero.com\/index.php\/wp-json\/wp\/v2\/types\/page"}],"author":[{"embeddable":true,"href":"https:\/\/imprentacalero.com\/index.php\/wp-json\/wp\/v2\/users\/1"}],"replies":[{"embeddable":true,"href":"https:\/\/imprentacalero.com\/index.php\/wp-json\/wp\/v2\/comments?post=69"}],"version-history":[{"count":10,"href":"https:\/\/imprentacalero.com\/index.php\/wp-json\/wp\/v2\/pages\/69\/revisions"}],"predecessor-version":[{"id":652,"href":"https:\/\/imprentacalero.com\/index.php\/wp-json\/wp\/v2\/pages\/69\/revisions\/652"}],"wp:attachment":[{"href":"https:\/\/imprentacalero.com\/index.php\/wp-json\/wp\/v2\/media?parent=69"}],"curies":[{"name":"wp","href":"https:\/\/api.w.org\/{rel}","templated":true}]}}